{"id":750,"date":"2020-10-20T14:04:43","date_gmt":"2020-10-20T14:04:43","guid":{"rendered":"https:\/\/theartofhomeopathy.com\/blog\/"},"modified":"2025-07-20T11:38:25","modified_gmt":"2025-07-20T11:38:25","slug":"blog","status":"publish","type":"page","link":"https:\/\/theartofhomeopathy.com\/pl\/blog\/","title":{"rendered":"BLOG"},"content":{"rendered":"<p>[et_pb_section fb_built=&#8221;1&#8243; custom_padding_last_edited=&#8221;on|phone&#8221; _builder_version=&#8221;4.22.2&#8243; _dynamic_attributes=&#8221;background_image&#8221; _module_preset=&#8221;default&#8221; background_image=&#8221;@ET-DC@eyJkeW5hbWljIjp0cnVlLCJjb250ZW50IjoicG9zdF9mZWF0dXJlZF9pbWFnZSIsInNldHRpbmdzIjp7fX0=@&#8221; parallax=&#8221;on&#8221; custom_padding=&#8221;209px||209px||true|false&#8221; custom_padding_tablet=&#8221;209px||209px||true|false&#8221; custom_padding_phone=&#8221;108px||108px|1px|true|false&#8221; bottom_divider_color=&#8221;#FFFFFF&#8221; bottom_divider_arrangement=&#8221;above_content&#8221; background_last_edited=&#8221;on|desktop&#8221; use_background_color_gradient_tablet=&#8221;off&#8221; use_background_color_gradient_phone=&#8221;off&#8221; global_colors_info=&#8221;{}&#8221;][et_pb_row column_structure=&#8221;1_2,1_2&#8243; use_custom_gutter=&#8221;on&#8221; gutter_width=&#8221;1&#8243; make_equal=&#8221;on&#8221; _builder_version=&#8221;4.19.5&#8243; _module_preset=&#8221;default&#8221; width=&#8221;100%&#8221; width_tablet=&#8221;80%&#8221; width_phone=&#8221;80%&#8221; width_last_edited=&#8221;on|phone&#8221; max_width=&#8221;1264px&#8221; custom_padding=&#8221;0px||0px|||&#8221; global_colors_info=&#8221;{}&#8221;][et_pb_column type=&#8221;1_2&#8243; _builder_version=&#8221;4.19.5&#8243; _module_preset=&#8221;default&#8221; global_colors_info=&#8221;{}&#8221;][et_pb_text _builder_version=&#8221;4.19.5&#8243; _module_preset=&#8221;default&#8221; header_2_line_height=&#8221;1.7em&#8221; header_3_text_color=&#8221;#4d5061&#8243; header_3_font_size=&#8221;27px&#8221; header_3_line_height=&#8221;1.4em&#8221; width=&#8221;100%&#8221; width_tablet=&#8221;85%&#8221; width_phone=&#8221;85%&#8221; width_last_edited=&#8221;on|desktop&#8221; module_alignment=&#8221;center&#8221; custom_padding_tablet=&#8221;&#8221; custom_padding_phone=&#8221;|6px|||false|false&#8221; custom_padding_last_edited=&#8221;on|phone&#8221; header_font_size_tablet=&#8221;&#8221; header_font_size_phone=&#8221;28px&#8221; header_font_size_last_edited=&#8221;on|phone&#8221; header_3_font_size_tablet=&#8221;&#8221; header_3_font_size_phone=&#8221;17px&#8221; header_3_font_size_last_edited=&#8221;on|phone&#8221; module_alignment_tablet=&#8221;left&#8221; module_alignment_phone=&#8221;left&#8221; module_alignment_last_edited=&#8221;on|desktop&#8221; global_colors_info=&#8221;{}&#8221;]<\/p>\n<h2><span style=\"color: #ffffff;\">HOMEOPATYCZNE KONSULTACJE ONLINE\u00a0\u00a0<\/span><\/h2>\n<h3><span style=\"color: #ffffff;\">Szuka\u0142e\u015b konsultacji z homeopat\u0105 online? Twoje poszukiwania dobieg\u0142y ko\u0144ca. <\/span><span style=\"color: #ffffff;\">Witam w The Art of Homeopathy.<\/span><\/h3>\n<p>[\/et_pb_text][et_pb_button button_url=&#8221;https:\/\/app.squarespacescheduling.com\/schedule.php?owner=28355458&#038;appointmentType=41249441&#8243; url_new_window=&#8221;on&#8221; button_text=&#8221;Zarezerwuj bezp\u0142atn\u0105 konsultacj\u0119&#8221; button_alignment_tablet=&#8221;left&#8221; button_alignment_phone=&#8221;center&#8221; button_alignment_last_edited=&#8221;on|tablet&#8221; _builder_version=&#8221;4.22.2&#8243; _module_preset=&#8221;default&#8221; custom_margin=&#8221;40px||||false|false&#8221; button_text_size_tablet=&#8221;21px&#8221; button_text_size_phone=&#8221;15px&#8221; button_text_size_last_edited=&#8221;on|phone&#8221; global_colors_info=&#8221;{}&#8221;][\/et_pb_button][\/et_pb_column][et_pb_column type=&#8221;1_2&#8243; _builder_version=&#8221;4.16&#8243; _module_preset=&#8221;default&#8221; global_colors_info=&#8221;{}&#8221;][\/et_pb_column][\/et_pb_row][\/et_pb_section][et_pb_section fb_built=&#8221;1&#8243; _builder_version=&#8221;4.16&#8243; _module_preset=&#8221;default&#8221; global_colors_info=&#8221;{}&#8221;][et_pb_row _builder_version=&#8221;4.16&#8243; _module_preset=&#8221;default&#8221; global_colors_info=&#8221;{}&#8221;][et_pb_column type=&#8221;4_4&#8243; _builder_version=&#8221;4.16&#8243; _module_preset=&#8221;default&#8221; global_colors_info=&#8221;{}&#8221;][et_pb_text _builder_version=&#8221;4.19.5&#8243; _module_preset=&#8221;default&#8221; text_orientation=&#8221;center&#8221; global_colors_info=&#8221;{}&#8221;]<\/p>\n<h2>The Art of Homeopathy Blog<\/h2>\n<p>[\/et_pb_text][et_pb_text _builder_version=&#8221;4.27.4&#8243; _module_preset=&#8221;default&#8221; text_orientation=&#8221;center&#8221; global_colors_info=&#8221;{}&#8221;]<\/p>\n<p style=\"text-align: justify;\">Co to jest homeopatia? Jak dzia\u0142a i na czym polega skuteczno\u015b\u0107 homeopatii? Jakie leki homeopatyczne wybra\u0107 na r\u00f3\u017cne dolegliwo\u015bci? Kiedy homeopatia mo\u017ce pom\u00f3c&#8230; przezi\u0119bienie, alergia czy problemy zdrowotne u dzieci? The art of homeopathy pomaga lepiej zrozumie\u0107 natur\u0119 homeopatii oraz jej miejsce we wsp\u00f3\u0142czesnym \u015bwiecie. \u00a0<\/p>\n<p>[\/et_pb_text][\/et_pb_column][\/et_pb_row][et_pb_row _builder_version=&#8221;4.16&#8243; _module_preset=&#8221;default&#8221; global_colors_info=&#8221;{}&#8221;][et_pb_column type=&#8221;4_4&#8243; _builder_version=&#8221;4.16&#8243; _module_preset=&#8221;default&#8221; global_colors_info=&#8221;{}&#8221;][et_pb_blog fullwidth=&#8221;off&#8221; excerpt_length=&#8221;125&#8243; show_more=&#8221;on&#8221; show_author=&#8221;off&#8221; show_date=&#8221;off&#8221; show_categories=&#8221;off&#8221; _builder_version=&#8221;4.19.5&#8243; _module_preset=&#8221;default&#8221; border_color_all=&#8221;#CDC9C3&#8243; global_colors_info=&#8221;{}&#8221;][\/et_pb_blog][\/et_pb_column][\/et_pb_row][\/et_pb_section][et_pb_section fb_built=&#8221;1&#8243; admin_label=&#8221;Section&#8221; _builder_version=&#8221;4.21.0&#8243; _module_preset=&#8221;default&#8221; background_color=&#8221;#D9E4DD&#8221; background_image=&#8221;http:\/\/theartofhomeopathy.com\/wp-content\/uploads\/2022\/10\/leaves-pattern.png&#8221; background_enable_image=&#8221;off&#8221; background_size=&#8221;contain&#8221; background_repeat=&#8221;repeat-x&#8221; background_blend=&#8221;hard-light&#8221; custom_padding=&#8221;0px||0px||false|false&#8221; top_divider_color=&#8221;#ffffff&#8221; top_divider_height=&#8221;115px&#8221; top_divider_repeat=&#8221;0x&#8221; top_divider_flip=&#8221;vertical&#8221; top_divider_arrangement=&#8221;above_content&#8221; bottom_divider_color=&#8221;#B0774C&#8221; bottom_divider_height=&#8221;43px&#8221; bottom_divider_flip=&#8221;horizontal&#8221; border_color_all=&#8221;#e3dedf&#8221; saved_tabs=&#8221;all&#8221; locked=&#8221;off&#8221; global_colors_info=&#8221;{}&#8221;][et_pb_row column_structure=&#8221;1_5,3_5,1_5&#8243; make_equal=&#8221;on&#8221; _builder_version=&#8221;4.18.0&#8243; _module_preset=&#8221;default&#8221; width=&#8221;100%&#8221; width_tablet=&#8221;&#8221; width_phone=&#8221;80%&#8221; width_last_edited=&#8221;on|phone&#8221; max_width=&#8221;100%&#8221; custom_padding=&#8221;97px||75px||false|false&#8221; global_colors_info=&#8221;{}&#8221;][et_pb_column type=&#8221;1_5&#8243; _builder_version=&#8221;4.16&#8243; _module_preset=&#8221;default&#8221; global_colors_info=&#8221;{}&#8221;][\/et_pb_column][et_pb_column type=&#8221;3_5&#8243; _builder_version=&#8221;4.16&#8243; _module_preset=&#8221;default&#8221; global_colors_info=&#8221;{}&#8221;][et_pb_text _builder_version=&#8221;4.18.0&#8243; _module_preset=&#8221;default&#8221; text_text_color=&#8221;#4d5061&#8243; header_text_color=&#8221;#6b717e&#8221; width_tablet=&#8221;80%&#8221; width_phone=&#8221;&#8221; width_last_edited=&#8221;on|tablet&#8221; module_alignment=&#8221;center&#8221; custom_margin=&#8221;||15px|||&#8221; global_colors_info=&#8221;{}&#8221;]<\/p>\n<div class=\"et_pb_module et_pb_text et_pb_text_5  et_pb_text_align_left et_pb_bg_layout_light\">\n<div class=\"et_pb_text_inner\">\n<div class=\"et_pb_module et_pb_text et_pb_text_2  et_pb_text_align_left et_pb_bg_layout_light\">\n<div class=\"et_pb_text_inner\">\n<div class=\"et_pb_module et_pb_text et_pb_text_3  et_pb_text_align_left et_pb_bg_layout_light\">\n<div class=\"et_pb_text_inner\">\n<h2 style=\"text-align: center;\"><span>SZUKA\u0141E\u015a KONSULTACJI Z HOMEOPAT\u0104 ONLINE?<\/span><\/h2>\n<\/div>\n<\/div>\n<\/div>\n<\/div>\n<\/div>\n<\/div>\n<p>[\/et_pb_text][et_pb_button button_url=&#8221;@ET-DC@eyJkeW5hbWljIjp0cnVlLCJjb250ZW50IjoicG9zdF9saW5rX3VybF9wYWdlIiwic2V0dGluZ3MiOnsicG9zdF9pZCI6IjM2In19@&#8221; button_text=&#8221;Zarezerwuj bezp\u0142atn\u0105 15-minutow\u0105 konsultacj\u0119.&#8221; button_alignment=&#8221;center&#8221; _builder_version=&#8221;4.18.0&#8243; _dynamic_attributes=&#8221;button_url&#8221; _module_preset=&#8221;default&#8221; global_colors_info=&#8221;{}&#8221; button_bg_color__hover_enabled=&#8221;on|desktop&#8221; button_bg_color__hover=&#8221;#414143&#8243; button_bg_enable_color__hover=&#8221;on&#8221;][\/et_pb_button][\/et_pb_column][et_pb_column type=&#8221;1_5&#8243; _builder_version=&#8221;4.16&#8243; _module_preset=&#8221;default&#8221; global_colors_info=&#8221;{}&#8221;][\/et_pb_column][\/et_pb_row][\/et_pb_section]<\/p>\n","protected":false},"excerpt":{"rendered":"<p>HOMEOPATYCZNE KONSULTACJE ONLINE\u00a0\u00a0 Szuka\u0142e\u015b konsultacji z homeopat\u0105 online? Twoje poszukiwania dobieg\u0142y ko\u0144ca. Witam w The Art of Homeopathy.The Art of Homeopathy Blog Co to jest homeopatia? Jak dzia\u0142a i na czym polega skuteczno\u015b\u0107 homeopatii? Jakie leki homeopatyczne wybra\u0107 na r\u00f3\u017cne dolegliwo\u015bci? Kiedy homeopatia mo\u017ce pom\u00f3c&#8230; przezi\u0119bienie, alergia czy problemy zdrowotne u dzieci? The art of [&hellip;]<\/p>\n","protected":false},"author":3,"featured_media":1647,"parent":0,"menu_order":0,"comment_status":"closed","ping_status":"closed","template":"","meta":{"_et_pb_use_builder":"on","_et_pb_old_content":"","_et_gb_content_width":"","footnotes":""},"class_list":["post-750","page","type-page","status-publish","has-post-thumbnail","hentry"],"yoast_head":"<!-- This site is optimized with the Yoast SEO Premium plugin v23.7 (Yoast SEO v27.5) - https:\/\/yoast.com\/product\/yoast-seo-premium-wordpress\/ -->\n<title>BLOG | CO TO JEST HOMEOPATIA? JAK DZIA\u0141A HOMEOPATIA?<\/title>\n<meta name=\"description\" content=\"Co to jest homeopatia? Jak dzia\u0142a i na czym polega skuteczno\u015b\u0107 homeopatii? Jakie leki homeopatyczne wybra\u0107 na r\u00f3\u017cne dolegliwo\u015bci?\" \/>\n<meta name=\"robots\" content=\"index, follow, max-snippet:-1, max-image-preview:large, max-video-preview:-1\" \/>\n<link rel=\"canonical\" href=\"https:\/\/theartofhomeopathy.com\/pl\/blog\/\" \/>\n<meta property=\"og:locale\" content=\"pl_PL\" \/>\n<meta property=\"og:type\" content=\"article\" \/>\n<meta property=\"og:title\" content=\"BLOG\" \/>\n<meta property=\"og:description\" content=\"Co to jest homeopatia? Jak dzia\u0142a i na czym polega skuteczno\u015b\u0107 homeopatii? Jakie leki homeopatyczne wybra\u0107 na r\u00f3\u017cne dolegliwo\u015bci?\" \/>\n<meta property=\"og:url\" content=\"https:\/\/theartofhomeopathy.com\/pl\/blog\/\" \/>\n<meta property=\"og:site_name\" content=\"The Art of Homeopathy\" \/>\n<meta property=\"article:publisher\" content=\"https:\/\/www.facebook.com\/profile.php?id=100089473450210\" \/>\n<meta property=\"article:modified_time\" content=\"2025-07-20T11:38:25+00:00\" \/>\n<meta property=\"og:image\" content=\"http:\/\/theartofhomeopathy.com\/wp-content\/uploads\/2023\/09\/blog1.jpg\" \/>\n\t<meta property=\"og:image:width\" content=\"1920\" \/>\n\t<meta property=\"og:image:height\" content=\"1280\" \/>\n\t<meta property=\"og:image:type\" content=\"image\/jpeg\" \/>\n<meta name=\"twitter:card\" content=\"summary_large_image\" \/>\n<meta name=\"twitter:label1\" content=\"Szacowany czas czytania\" \/>\n\t<meta name=\"twitter:data1\" content=\"2 minuty\" \/>\n<script type=\"application\/ld+json\" class=\"yoast-schema-graph\">{\"@context\":\"https:\\\/\\\/schema.org\",\"@graph\":[{\"@type\":\"WebPage\",\"@id\":\"https:\\\/\\\/theartofhomeopathy.com\\\/pl\\\/blog\\\/\",\"url\":\"https:\\\/\\\/theartofhomeopathy.com\\\/pl\\\/blog\\\/\",\"name\":\"BLOG | CO TO JEST HOMEOPATIA? JAK DZIA\u0141A HOMEOPATIA?\",\"isPartOf\":{\"@id\":\"https:\\\/\\\/theartofhomeopathy.com\\\/#website\"},\"primaryImageOfPage\":{\"@id\":\"https:\\\/\\\/theartofhomeopathy.com\\\/pl\\\/blog\\\/#primaryimage\"},\"image\":{\"@id\":\"https:\\\/\\\/theartofhomeopathy.com\\\/pl\\\/blog\\\/#primaryimage\"},\"thumbnailUrl\":\"https:\\\/\\\/theartofhomeopathy.com\\\/wp-content\\\/uploads\\\/2023\\\/09\\\/blog1.jpg\",\"datePublished\":\"2020-10-20T14:04:43+00:00\",\"dateModified\":\"2025-07-20T11:38:25+00:00\",\"description\":\"Co to jest homeopatia? Jak dzia\u0142a i na czym polega skuteczno\u015b\u0107 homeopatii? Jakie leki homeopatyczne wybra\u0107 na r\u00f3\u017cne dolegliwo\u015bci?\",\"breadcrumb\":{\"@id\":\"https:\\\/\\\/theartofhomeopathy.com\\\/pl\\\/blog\\\/#breadcrumb\"},\"inLanguage\":\"pl-PL\",\"potentialAction\":[{\"@type\":\"ReadAction\",\"target\":[\"https:\\\/\\\/theartofhomeopathy.com\\\/pl\\\/blog\\\/\"]}]},{\"@type\":\"ImageObject\",\"inLanguage\":\"pl-PL\",\"@id\":\"https:\\\/\\\/theartofhomeopathy.com\\\/pl\\\/blog\\\/#primaryimage\",\"url\":\"https:\\\/\\\/theartofhomeopathy.com\\\/wp-content\\\/uploads\\\/2023\\\/09\\\/blog1.jpg\",\"contentUrl\":\"https:\\\/\\\/theartofhomeopathy.com\\\/wp-content\\\/uploads\\\/2023\\\/09\\\/blog1.jpg\",\"width\":1920,\"height\":1280,\"caption\":\"Witamy. Blog Art of Homeopathy po\u015bwi\u0119cony jest odkrywaniu \u015bwiata homeopatii i jej zastosowania w leczeniu ostrych i przewlek\u0142ych schorze\u0144.\"},{\"@type\":\"BreadcrumbList\",\"@id\":\"https:\\\/\\\/theartofhomeopathy.com\\\/pl\\\/blog\\\/#breadcrumb\",\"itemListElement\":[{\"@type\":\"ListItem\",\"position\":1,\"name\":\"Home\",\"item\":\"https:\\\/\\\/theartofhomeopathy.com\\\/pl\\\/\"},{\"@type\":\"ListItem\",\"position\":2,\"name\":\"BLOG\"}]},{\"@type\":\"WebSite\",\"@id\":\"https:\\\/\\\/theartofhomeopathy.com\\\/#website\",\"url\":\"https:\\\/\\\/theartofhomeopathy.com\\\/\",\"name\":\"The Art of Homeopathy\",\"description\":\"When was the last time you felt better?\",\"potentialAction\":[{\"@type\":\"SearchAction\",\"target\":{\"@type\":\"EntryPoint\",\"urlTemplate\":\"https:\\\/\\\/theartofhomeopathy.com\\\/?s={search_term_string}\"},\"query-input\":{\"@type\":\"PropertyValueSpecification\",\"valueRequired\":true,\"valueName\":\"search_term_string\"}}],\"inLanguage\":\"pl-PL\"}]}<\/script>\n<!-- \/ Yoast SEO Premium plugin. -->","yoast_head_json":{"title":"BLOG | CO TO JEST HOMEOPATIA? JAK DZIA\u0141A HOMEOPATIA?","description":"Co to jest homeopatia? Jak dzia\u0142a i na czym polega skuteczno\u015b\u0107 homeopatii? Jakie leki homeopatyczne wybra\u0107 na r\u00f3\u017cne dolegliwo\u015bci?","robots":{"index":"index","follow":"follow","max-snippet":"max-snippet:-1","max-image-preview":"max-image-preview:large","max-video-preview":"max-video-preview:-1"},"canonical":"https:\/\/theartofhomeopathy.com\/pl\/blog\/","og_locale":"pl_PL","og_type":"article","og_title":"BLOG","og_description":"Co to jest homeopatia? Jak dzia\u0142a i na czym polega skuteczno\u015b\u0107 homeopatii? Jakie leki homeopatyczne wybra\u0107 na r\u00f3\u017cne dolegliwo\u015bci?","og_url":"https:\/\/theartofhomeopathy.com\/pl\/blog\/","og_site_name":"The Art of Homeopathy","article_publisher":"https:\/\/www.facebook.com\/profile.php?id=100089473450210","article_modified_time":"2025-07-20T11:38:25+00:00","og_image":[{"width":1920,"height":1280,"url":"http:\/\/theartofhomeopathy.com\/wp-content\/uploads\/2023\/09\/blog1.jpg","type":"image\/jpeg"}],"twitter_card":"summary_large_image","twitter_misc":{"Szacowany czas czytania":"2 minuty"},"schema":{"@context":"https:\/\/schema.org","@graph":[{"@type":"WebPage","@id":"https:\/\/theartofhomeopathy.com\/pl\/blog\/","url":"https:\/\/theartofhomeopathy.com\/pl\/blog\/","name":"BLOG | CO TO JEST HOMEOPATIA? JAK DZIA\u0141A HOMEOPATIA?","isPartOf":{"@id":"https:\/\/theartofhomeopathy.com\/#website"},"primaryImageOfPage":{"@id":"https:\/\/theartofhomeopathy.com\/pl\/blog\/#primaryimage"},"image":{"@id":"https:\/\/theartofhomeopathy.com\/pl\/blog\/#primaryimage"},"thumbnailUrl":"https:\/\/theartofhomeopathy.com\/wp-content\/uploads\/2023\/09\/blog1.jpg","datePublished":"2020-10-20T14:04:43+00:00","dateModified":"2025-07-20T11:38:25+00:00","description":"Co to jest homeopatia? Jak dzia\u0142a i na czym polega skuteczno\u015b\u0107 homeopatii? Jakie leki homeopatyczne wybra\u0107 na r\u00f3\u017cne dolegliwo\u015bci?","breadcrumb":{"@id":"https:\/\/theartofhomeopathy.com\/pl\/blog\/#breadcrumb"},"inLanguage":"pl-PL","potentialAction":[{"@type":"ReadAction","target":["https:\/\/theartofhomeopathy.com\/pl\/blog\/"]}]},{"@type":"ImageObject","inLanguage":"pl-PL","@id":"https:\/\/theartofhomeopathy.com\/pl\/blog\/#primaryimage","url":"https:\/\/theartofhomeopathy.com\/wp-content\/uploads\/2023\/09\/blog1.jpg","contentUrl":"https:\/\/theartofhomeopathy.com\/wp-content\/uploads\/2023\/09\/blog1.jpg","width":1920,"height":1280,"caption":"Witamy. Blog Art of Homeopathy po\u015bwi\u0119cony jest odkrywaniu \u015bwiata homeopatii i jej zastosowania w leczeniu ostrych i przewlek\u0142ych schorze\u0144."},{"@type":"BreadcrumbList","@id":"https:\/\/theartofhomeopathy.com\/pl\/blog\/#breadcrumb","itemListElement":[{"@type":"ListItem","position":1,"name":"Home","item":"https:\/\/theartofhomeopathy.com\/pl\/"},{"@type":"ListItem","position":2,"name":"BLOG"}]},{"@type":"WebSite","@id":"https:\/\/theartofhomeopathy.com\/#website","url":"https:\/\/theartofhomeopathy.com\/","name":"The Art of Homeopathy","description":"When was the last time you felt better?","potentialAction":[{"@type":"SearchAction","target":{"@type":"EntryPoint","urlTemplate":"https:\/\/theartofhomeopathy.com\/?s={search_term_string}"},"query-input":{"@type":"PropertyValueSpecification","valueRequired":true,"valueName":"search_term_string"}}],"inLanguage":"pl-PL"}]}},"_links":{"self":[{"href":"https:\/\/theartofhomeopathy.com\/pl\/wp-json\/wp\/v2\/pages\/750","targetHints":{"allow":["GET"]}}],"collection":[{"href":"https:\/\/theartofhomeopathy.com\/pl\/wp-json\/wp\/v2\/pages"}],"about":[{"href":"https:\/\/theartofhomeopathy.com\/pl\/wp-json\/wp\/v2\/types\/page"}],"author":[{"embeddable":true,"href":"https:\/\/theartofhomeopathy.com\/pl\/wp-json\/wp\/v2\/users\/3"}],"replies":[{"embeddable":true,"href":"https:\/\/theartofhomeopathy.com\/pl\/wp-json\/wp\/v2\/comments?post=750"}],"version-history":[{"count":34,"href":"https:\/\/theartofhomeopathy.com\/pl\/wp-json\/wp\/v2\/pages\/750\/revisions"}],"predecessor-version":[{"id":3281,"href":"https:\/\/theartofhomeopathy.com\/pl\/wp-json\/wp\/v2\/pages\/750\/revisions\/3281"}],"wp:featuredmedia":[{"embeddable":true,"href":"https:\/\/theartofhomeopathy.com\/pl\/wp-json\/wp\/v2\/media\/1647"}],"wp:attachment":[{"href":"https:\/\/theartofhomeopathy.com\/pl\/wp-json\/wp\/v2\/media?parent=750"}],"curies":[{"name":"wp","href":"https:\/\/api.w.org\/{rel}","templated":true}]}}