{"id":745,"date":"2020-10-20T14:02:48","date_gmt":"2020-10-20T14:02:48","guid":{"rendered":"https:\/\/theartofhomeopathy.com\/kontakt\/"},"modified":"2025-07-22T17:00:13","modified_gmt":"2025-07-22T17:00:13","slug":"umow-sie-na-wizyte-u-homeopaty-online","status":"publish","type":"page","link":"https:\/\/theartofhomeopathy.com\/pl\/umow-sie-na-wizyte-u-homeopaty-online\/","title":{"rendered":"KONTAKT"},"content":{"rendered":"<p>[et_pb_section fb_built=&#8221;1&#8243; custom_padding_last_edited=&#8221;on|phone&#8221; _builder_version=&#8221;4.22.2&#8243; _module_preset=&#8221;default&#8221; background_image=&#8221;http:\/\/theartofhomeopathy.com\/wp-content\/uploads\/2023\/09\/kontakt.jpg&#8221; parallax=&#8221;on&#8221; custom_padding=&#8221;209px||209px||true|false&#8221; custom_padding_tablet=&#8221;209px||209px||true|false&#8221; custom_padding_phone=&#8221;108px||108px|1px|true|false&#8221; bottom_divider_color=&#8221;#FFFFFF&#8221; bottom_divider_arrangement=&#8221;above_content&#8221; background_last_edited=&#8221;on|desktop&#8221; use_background_color_gradient_tablet=&#8221;off&#8221; use_background_color_gradient_phone=&#8221;off&#8221; global_colors_info=&#8221;{}&#8221;][et_pb_row column_structure=&#8221;1_2,1_2&#8243; use_custom_gutter=&#8221;on&#8221; gutter_width=&#8221;1&#8243; make_equal=&#8221;on&#8221; _builder_version=&#8221;4.19.5&#8243; _module_preset=&#8221;default&#8221; width=&#8221;100%&#8221; width_tablet=&#8221;80%&#8221; width_phone=&#8221;80%&#8221; width_last_edited=&#8221;on|phone&#8221; max_width=&#8221;1264px&#8221; custom_padding=&#8221;0px||0px|||&#8221; global_colors_info=&#8221;{}&#8221;][et_pb_column type=&#8221;1_2&#8243; _builder_version=&#8221;4.19.5&#8243; _module_preset=&#8221;default&#8221; global_colors_info=&#8221;{}&#8221;][et_pb_text _builder_version=&#8221;4.22.2&#8243; _module_preset=&#8221;default&#8221; header_2_line_height=&#8221;1.7em&#8221; header_3_text_color=&#8221;#4d5061&#8243; header_3_font_size=&#8221;27px&#8221; header_3_line_height=&#8221;1.4em&#8221; width=&#8221;100%&#8221; width_tablet=&#8221;85%&#8221; width_phone=&#8221;85%&#8221; width_last_edited=&#8221;on|desktop&#8221; module_alignment=&#8221;center&#8221; custom_padding_tablet=&#8221;&#8221; custom_padding_phone=&#8221;|6px|||false|false&#8221; custom_padding_last_edited=&#8221;on|phone&#8221; header_font_size_tablet=&#8221;&#8221; header_font_size_phone=&#8221;28px&#8221; header_font_size_last_edited=&#8221;on|phone&#8221; header_3_font_size_tablet=&#8221;&#8221; header_3_font_size_phone=&#8221;17px&#8221; header_3_font_size_last_edited=&#8221;on|phone&#8221; module_alignment_tablet=&#8221;left&#8221; module_alignment_phone=&#8221;left&#8221; module_alignment_last_edited=&#8221;on|desktop&#8221; global_colors_info=&#8221;{}&#8221;]<\/p>\n<h2><span style=\"color: #ffffff;\">HOMEOPATYCZNE KONSULTACJE ONLINE\u00a0\u00a0<\/span><\/h2>\n<h3><span style=\"color: #ffffff;\">Szuka\u0142e\u015b konsultacji z homeopat\u0105 online? Twoje poszukiwania dobieg\u0142y ko\u0144ca. Witam w The Art of Homeopathy.<\/span><\/h3>\n<p>[\/et_pb_text][et_pb_button button_url=&#8221;https:\/\/app.squarespacescheduling.com\/schedule.php?owner=28355458&#038;appointmentType=41249441&#8243; url_new_window=&#8221;on&#8221; button_text=&#8221;ZAREZERWUJ BEZP\u0141ATN\u0104 KONSULTACJ\u0118.&#8221; button_alignment_tablet=&#8221;left&#8221; button_alignment_phone=&#8221;center&#8221; button_alignment_last_edited=&#8221;on|tablet&#8221; _builder_version=&#8221;4.22.2&#8243; _module_preset=&#8221;default&#8221; custom_margin=&#8221;40px||||false|false&#8221; button_text_size_tablet=&#8221;21px&#8221; button_text_size_phone=&#8221;15px&#8221; button_text_size_last_edited=&#8221;on|phone&#8221; global_colors_info=&#8221;{}&#8221;][\/et_pb_button][\/et_pb_column][et_pb_column type=&#8221;1_2&#8243; _builder_version=&#8221;4.16&#8243; _module_preset=&#8221;default&#8221; global_colors_info=&#8221;{}&#8221;][\/et_pb_column][\/et_pb_row][\/et_pb_section][et_pb_section fb_built=&#8221;1&#8243; _builder_version=&#8221;4.16&#8243; _module_preset=&#8221;default&#8221; min_height=&#8221;594.3px&#8221; custom_padding=&#8221;1px||78px|||&#8221; global_colors_info=&#8221;{}&#8221;][et_pb_row column_structure=&#8221;1_2,1_2&#8243; make_equal=&#8221;on&#8221; _builder_version=&#8221;4.18.0&#8243; _module_preset=&#8221;default&#8221; global_colors_info=&#8221;{}&#8221;][et_pb_column type=&#8221;1_2&#8243; _builder_version=&#8221;4.16&#8243; _module_preset=&#8221;default&#8221; global_colors_info=&#8221;{}&#8221;][et_pb_text _builder_version=&#8221;4.19.5&#8243; _module_preset=&#8221;default&#8221; min_height=&#8221;383.8px&#8221; custom_margin=&#8221;-254px|||||&#8221; custom_margin_tablet=&#8221;||40px||false|false&#8221; custom_margin_phone=&#8221;||40px||false|false&#8221; custom_margin_last_edited=&#8221;on|tablet&#8221; custom_padding=&#8221;0px|||||&#8221; global_colors_info=&#8221;{}&#8221;]<\/p>\n<p>Witam,<\/p>\n<p>Masz <span>w\u0105tpliwo\u015bci <\/span>lub chcesz si\u0119 ze mn\u0105 skontaktowa\u0107? <span>Ch\u0119tnie odpowiem na Twoje pytania zwi\u0105zane z homeopati\u0105. Skorzystaj z formularza kontaktowego, aby wys\u0142a\u0107 wiadomo\u015b\u0107. Czekam na Twoj\u0105 wiadomo\u015b\u0107 i postaram si\u0119 odpowiedzie\u0107 jak najszybciej.<\/span><\/p>\n<p><span>\u00a0<\/span>Z powa\u017caniem,<\/p>\n<p>Bartosz Dziemidowicz M.Sc. LCPH MARH.<\/p>\n<p>[\/et_pb_text][\/et_pb_column][et_pb_column type=&#8221;1_2&#8243; _builder_version=&#8221;4.16&#8243; _module_preset=&#8221;default&#8221; global_colors_info=&#8221;{}&#8221;][et_pb_code _builder_version=&#8221;4.27.4&#8243; _module_preset=&#8221;default&#8221; global_colors_info=&#8221;{}&#8221;]\n<div class=\"wpcf7 no-js\" id=\"wpcf7-f3270-o1\" lang=\"en-US\" dir=\"ltr\" data-wpcf7-id=\"3270\">\n<div class=\"screen-reader-response\"><p role=\"status\" aria-live=\"polite\" aria-atomic=\"true\"><\/p> <ul><\/ul><\/div>\n<form action=\"\/pl\/wp-json\/wp\/v2\/pages\/745#wpcf7-f3270-o1\" method=\"post\" class=\"wpcf7-form init\" aria-label=\"Contact form\" novalidate=\"novalidate\" data-status=\"init\">\n<fieldset class=\"hidden-fields-container\"><input type=\"hidden\" name=\"_wpcf7\" value=\"3270\" \/><input type=\"hidden\" name=\"_wpcf7_version\" value=\"6.1.5\" \/><input type=\"hidden\" name=\"_wpcf7_locale\" value=\"en_US\" \/><input type=\"hidden\" name=\"_wpcf7_unit_tag\" value=\"wpcf7-f3270-o1\" \/><input type=\"hidden\" name=\"_wpcf7_container_post\" value=\"0\" \/><input type=\"hidden\" name=\"_wpcf7_posted_data_hash\" value=\"\" \/>\n<\/fieldset>\n<p><label> Your name* (required)<br \/>\n<span class=\"wpcf7-form-control-wrap\" data-name=\"your-name\"><input size=\"40\" maxlength=\"400\" class=\"wpcf7-form-control wpcf7-text wpcf7-validates-as-required\" autocomplete=\"name\" aria-required=\"true\" aria-invalid=\"false\" value=\"\" type=\"text\" name=\"your-name\" \/><\/span> <\/label>\n<\/p>\n<p><label> Your email* (required)<br \/>\n<span class=\"wpcf7-form-control-wrap\" data-name=\"your-email\"><input size=\"40\" maxlength=\"400\" class=\"wpcf7-form-control wpcf7-email wpcf7-validates-as-required wpcf7-text wpcf7-validates-as-email\" autocomplete=\"email\" aria-required=\"true\" aria-invalid=\"false\" value=\"\" type=\"email\" name=\"your-email\" \/><\/span> <\/label>\n<\/p>\n<p><label> Subject* (required)<br \/>\n<span class=\"wpcf7-form-control-wrap\" data-name=\"your-subject\"><input size=\"40\" maxlength=\"400\" class=\"wpcf7-form-control wpcf7-text wpcf7-validates-as-required\" aria-required=\"true\" aria-invalid=\"false\" value=\"\" type=\"text\" name=\"your-subject\" \/><\/span> <\/label>\n<\/p>\n<p><label> Your message (optional)<br \/>\n<span class=\"wpcf7-form-control-wrap\" data-name=\"your-message\"><textarea cols=\"40\" rows=\"10\" maxlength=\"2000\" class=\"wpcf7-form-control wpcf7-textarea\" aria-invalid=\"false\" name=\"your-message\"><\/textarea><\/span> <\/label>\n<\/p>\n<p><input class=\"wpcf7-form-control wpcf7-submit has-spinner\" type=\"submit\" value=\"Submit\" \/>\n<\/p>\n<div class=\"wpcf7-turnstile cf-turnstile\" data-sitekey=\"0x4AAAAAABlw0deAmf5x-Bbv\" data-response-field-name=\"_wpcf7_turnstile_response\"><\/div><p style=\"display: none !important;\" class=\"akismet-fields-container\" data-prefix=\"_wpcf7_ak_\"><label>&#916;<textarea name=\"_wpcf7_ak_hp_textarea\" cols=\"45\" rows=\"8\" maxlength=\"100\"><\/textarea><\/label><input type=\"hidden\" id=\"ak_js_1\" name=\"_wpcf7_ak_js\" value=\"19\"\/><script type=\"text\/javascript\">\n\/* <![CDATA[ *\/\ndocument.getElementById( \"ak_js_1\" ).setAttribute( \"value\", ( new Date() ).getTime() );\n\/* ]]> *\/\n<\/script>\n<\/p><div class=\"wpcf7-response-output\" aria-hidden=\"true\"><\/div>\n<\/form>\n<\/div>\n[\/et_pb_code][\/et_pb_column][\/et_pb_row][\/et_pb_section][et_pb_section fb_built=&#8221;1&#8243; admin_label=&#8221;Section&#8221; _builder_version=&#8221;4.19.5&#8243; _module_preset=&#8221;default&#8221; background_color=&#8221;#D9E4DD&#8221; background_image=&#8221;http:\/\/theartofhomeopathy.com\/wp-content\/uploads\/2022\/10\/leaves-pattern.png&#8221; background_enable_image=&#8221;off&#8221; background_size=&#8221;contain&#8221; background_repeat=&#8221;repeat-x&#8221; background_blend=&#8221;hard-light&#8221; custom_padding=&#8221;0px||0px||false|false&#8221; top_divider_style=&#8221;none&#8221; top_divider_color=&#8221;#ffffff&#8221; top_divider_height=&#8221;115px&#8221; top_divider_repeat=&#8221;0x&#8221; top_divider_flip=&#8221;vertical&#8221; top_divider_arrangement=&#8221;above_content&#8221; bottom_divider_color=&#8221;#B0774C&#8221; bottom_divider_height=&#8221;43px&#8221; bottom_divider_flip=&#8221;horizontal&#8221; border_color_all=&#8221;#e3dedf&#8221; saved_tabs=&#8221;all&#8221; locked=&#8221;off&#8221; global_colors_info=&#8221;{}&#8221;][et_pb_row column_structure=&#8221;1_5,3_5,1_5&#8243; make_equal=&#8221;on&#8221; _builder_version=&#8221;4.19.5&#8243; _module_preset=&#8221;default&#8221; width=&#8221;100%&#8221; width_tablet=&#8221;&#8221; width_phone=&#8221;80%&#8221; width_last_edited=&#8221;on|phone&#8221; max_width=&#8221;100%&#8221; custom_margin=&#8221;-69px|auto||auto||&#8221; global_colors_info=&#8221;{}&#8221;][et_pb_column type=&#8221;1_5&#8243; _builder_version=&#8221;4.16&#8243; _module_preset=&#8221;default&#8221; global_colors_info=&#8221;{}&#8221;][\/et_pb_column][et_pb_column type=&#8221;3_5&#8243; _builder_version=&#8221;4.16&#8243; _module_preset=&#8221;default&#8221; global_colors_info=&#8221;{}&#8221;][et_pb_text _builder_version=&#8221;4.18.0&#8243; _module_preset=&#8221;default&#8221; text_text_color=&#8221;#4d5061&#8243; header_text_color=&#8221;#6b717e&#8221; width_tablet=&#8221;80%&#8221; width_phone=&#8221;&#8221; width_last_edited=&#8221;on|tablet&#8221; module_alignment=&#8221;center&#8221; custom_margin=&#8221;||15px|||&#8221; global_colors_info=&#8221;{}&#8221;]<\/p>\n<div class=\"et_pb_module et_pb_text et_pb_text_5  et_pb_text_align_left et_pb_bg_layout_light\">\n<div class=\"et_pb_text_inner\">\n<div class=\"et_pb_module et_pb_text et_pb_text_2  et_pb_text_align_left et_pb_bg_layout_light\">\n<div class=\"et_pb_text_inner\">\n<div class=\"et_pb_module et_pb_text et_pb_text_3  et_pb_text_align_left et_pb_bg_layout_light\">\n<div class=\"et_pb_text_inner\">\n<h2 style=\"text-align: center;\"><span>KONSULTACJA Z HOMEOPAT\u0104 ONLINE<\/span><\/h2>\n<\/div>\n<\/div>\n<\/div>\n<\/div>\n<\/div>\n<\/div>\n<p>[\/et_pb_text][et_pb_button button_url=&#8221;https:\/\/app.squarespacescheduling.com\/schedule.php?owner=28355458&#038;appointmentType=41249441&#8243; url_new_window=&#8221;on&#8221; button_text=&#8221;ZAREZERWUJ TERAZ&#8221; button_alignment=&#8221;center&#8221; _builder_version=&#8221;4.24.0&#8243; _module_preset=&#8221;default&#8221; global_colors_info=&#8221;{}&#8221; button_bg_color__hover_enabled=&#8221;on|desktop&#8221; button_bg_color__hover=&#8221;#414143&#8243; button_bg_enable_color__hover=&#8221;on&#8221;][\/et_pb_button][\/et_pb_column][et_pb_column type=&#8221;1_5&#8243; _builder_version=&#8221;4.16&#8243; _module_preset=&#8221;default&#8221; global_colors_info=&#8221;{}&#8221;][\/et_pb_column][\/et_pb_row][\/et_pb_section]<\/p>\n","protected":false},"excerpt":{"rendered":"<p>HOMEOPATYCZNE KONSULTACJE ONLINE\u00a0\u00a0 Szuka\u0142e\u015b konsultacji z homeopat\u0105 online? Twoje poszukiwania dobieg\u0142y ko\u0144ca. Witam w The Art of Homeopathy.Witam, Masz w\u0105tpliwo\u015bci lub chcesz si\u0119 ze mn\u0105 skontaktowa\u0107? Ch\u0119tnie odpowiem na Twoje pytania zwi\u0105zane z homeopati\u0105. Skorzystaj z formularza kontaktowego, aby wys\u0142a\u0107 wiadomo\u015b\u0107. Czekam na Twoj\u0105 wiadomo\u015b\u0107 i postaram si\u0119 odpowiedzie\u0107 jak najszybciej. \u00a0Z powa\u017caniem, Bartosz Dziemidowicz [&hellip;]<\/p>\n","protected":false},"author":3,"featured_media":0,"parent":0,"menu_order":0,"comment_status":"closed","ping_status":"closed","template":"","meta":{"_et_pb_use_builder":"on","_et_pb_old_content":"","_et_gb_content_width":"","footnotes":""},"class_list":["post-745","page","type-page","status-publish","hentry"],"yoast_head":"<!-- This site is optimized with the Yoast SEO Premium plugin v23.7 (Yoast SEO v27.5) - https:\/\/yoast.com\/product\/yoast-seo-premium-wordpress\/ -->\n<title>KONTAKT | UM\u00d3W SI\u0118 NA WIZYT\u0118 U HOMEOPATY ONLINE<\/title>\n<meta name=\"description\" content=\"Homeopata online. Um\u00f3w si\u0119 na wizyt\u0119 u homeopaty online. Konsultacje homeopatyczne online.\" \/>\n<meta name=\"robots\" content=\"index, follow, max-snippet:-1, max-image-preview:large, max-video-preview:-1\" \/>\n<link rel=\"canonical\" href=\"https:\/\/theartofhomeopathy.com\/pl\/umow-sie-na-wizyte-u-homeopaty-online\/\" \/>\n<meta property=\"og:locale\" content=\"pl_PL\" \/>\n<meta property=\"og:type\" content=\"article\" \/>\n<meta property=\"og:title\" content=\"KONTAKT\" \/>\n<meta property=\"og:description\" content=\"Homeopata online. Um\u00f3w si\u0119 na wizyt\u0119 u homeopaty online. Konsultacje homeopatyczne online.\" \/>\n<meta property=\"og:url\" content=\"https:\/\/theartofhomeopathy.com\/pl\/umow-sie-na-wizyte-u-homeopaty-online\/\" \/>\n<meta property=\"og:site_name\" content=\"The Art of Homeopathy\" \/>\n<meta property=\"article:publisher\" content=\"https:\/\/www.facebook.com\/profile.php?id=100089473450210\" \/>\n<meta property=\"article:modified_time\" content=\"2025-07-22T17:00:13+00:00\" \/>\n<meta name=\"twitter:card\" content=\"summary_large_image\" \/>\n<meta name=\"twitter:label1\" content=\"Szacowany czas czytania\" \/>\n\t<meta name=\"twitter:data1\" content=\"1 minuta\" \/>\n<script type=\"application\/ld+json\" class=\"yoast-schema-graph\">{\"@context\":\"https:\\\/\\\/schema.org\",\"@graph\":[{\"@type\":\"WebPage\",\"@id\":\"https:\\\/\\\/theartofhomeopathy.com\\\/pl\\\/umow-sie-na-wizyte-u-homeopaty-online\\\/\",\"url\":\"https:\\\/\\\/theartofhomeopathy.com\\\/pl\\\/umow-sie-na-wizyte-u-homeopaty-online\\\/\",\"name\":\"KONTAKT | UM\u00d3W SI\u0118 NA WIZYT\u0118 U HOMEOPATY ONLINE\",\"isPartOf\":{\"@id\":\"https:\\\/\\\/theartofhomeopathy.com\\\/#website\"},\"datePublished\":\"2020-10-20T14:02:48+00:00\",\"dateModified\":\"2025-07-22T17:00:13+00:00\",\"description\":\"Homeopata online. Um\u00f3w si\u0119 na wizyt\u0119 u homeopaty online. Konsultacje homeopatyczne online.\",\"breadcrumb\":{\"@id\":\"https:\\\/\\\/theartofhomeopathy.com\\\/pl\\\/umow-sie-na-wizyte-u-homeopaty-online\\\/#breadcrumb\"},\"inLanguage\":\"pl-PL\",\"potentialAction\":[{\"@type\":\"ReadAction\",\"target\":[\"https:\\\/\\\/theartofhomeopathy.com\\\/pl\\\/umow-sie-na-wizyte-u-homeopaty-online\\\/\"]}]},{\"@type\":\"BreadcrumbList\",\"@id\":\"https:\\\/\\\/theartofhomeopathy.com\\\/pl\\\/umow-sie-na-wizyte-u-homeopaty-online\\\/#breadcrumb\",\"itemListElement\":[{\"@type\":\"ListItem\",\"position\":1,\"name\":\"Home\",\"item\":\"https:\\\/\\\/theartofhomeopathy.com\\\/pl\\\/\"},{\"@type\":\"ListItem\",\"position\":2,\"name\":\"KONTAKT\"}]},{\"@type\":\"WebSite\",\"@id\":\"https:\\\/\\\/theartofhomeopathy.com\\\/#website\",\"url\":\"https:\\\/\\\/theartofhomeopathy.com\\\/\",\"name\":\"The Art of Homeopathy\",\"description\":\"When was the last time you felt better?\",\"potentialAction\":[{\"@type\":\"SearchAction\",\"target\":{\"@type\":\"EntryPoint\",\"urlTemplate\":\"https:\\\/\\\/theartofhomeopathy.com\\\/?s={search_term_string}\"},\"query-input\":{\"@type\":\"PropertyValueSpecification\",\"valueRequired\":true,\"valueName\":\"search_term_string\"}}],\"inLanguage\":\"pl-PL\"}]}<\/script>\n<!-- \/ Yoast SEO Premium plugin. -->","yoast_head_json":{"title":"KONTAKT | UM\u00d3W SI\u0118 NA WIZYT\u0118 U HOMEOPATY ONLINE","description":"Homeopata online. Um\u00f3w si\u0119 na wizyt\u0119 u homeopaty online. Konsultacje homeopatyczne online.","robots":{"index":"index","follow":"follow","max-snippet":"max-snippet:-1","max-image-preview":"max-image-preview:large","max-video-preview":"max-video-preview:-1"},"canonical":"https:\/\/theartofhomeopathy.com\/pl\/umow-sie-na-wizyte-u-homeopaty-online\/","og_locale":"pl_PL","og_type":"article","og_title":"KONTAKT","og_description":"Homeopata online. Um\u00f3w si\u0119 na wizyt\u0119 u homeopaty online. Konsultacje homeopatyczne online.","og_url":"https:\/\/theartofhomeopathy.com\/pl\/umow-sie-na-wizyte-u-homeopaty-online\/","og_site_name":"The Art of Homeopathy","article_publisher":"https:\/\/www.facebook.com\/profile.php?id=100089473450210","article_modified_time":"2025-07-22T17:00:13+00:00","twitter_card":"summary_large_image","twitter_misc":{"Szacowany czas czytania":"1 minuta"},"schema":{"@context":"https:\/\/schema.org","@graph":[{"@type":"WebPage","@id":"https:\/\/theartofhomeopathy.com\/pl\/umow-sie-na-wizyte-u-homeopaty-online\/","url":"https:\/\/theartofhomeopathy.com\/pl\/umow-sie-na-wizyte-u-homeopaty-online\/","name":"KONTAKT | UM\u00d3W SI\u0118 NA WIZYT\u0118 U HOMEOPATY ONLINE","isPartOf":{"@id":"https:\/\/theartofhomeopathy.com\/#website"},"datePublished":"2020-10-20T14:02:48+00:00","dateModified":"2025-07-22T17:00:13+00:00","description":"Homeopata online. Um\u00f3w si\u0119 na wizyt\u0119 u homeopaty online. Konsultacje homeopatyczne online.","breadcrumb":{"@id":"https:\/\/theartofhomeopathy.com\/pl\/umow-sie-na-wizyte-u-homeopaty-online\/#breadcrumb"},"inLanguage":"pl-PL","potentialAction":[{"@type":"ReadAction","target":["https:\/\/theartofhomeopathy.com\/pl\/umow-sie-na-wizyte-u-homeopaty-online\/"]}]},{"@type":"BreadcrumbList","@id":"https:\/\/theartofhomeopathy.com\/pl\/umow-sie-na-wizyte-u-homeopaty-online\/#breadcrumb","itemListElement":[{"@type":"ListItem","position":1,"name":"Home","item":"https:\/\/theartofhomeopathy.com\/pl\/"},{"@type":"ListItem","position":2,"name":"KONTAKT"}]},{"@type":"WebSite","@id":"https:\/\/theartofhomeopathy.com\/#website","url":"https:\/\/theartofhomeopathy.com\/","name":"The Art of Homeopathy","description":"When was the last time you felt better?","potentialAction":[{"@type":"SearchAction","target":{"@type":"EntryPoint","urlTemplate":"https:\/\/theartofhomeopathy.com\/?s={search_term_string}"},"query-input":{"@type":"PropertyValueSpecification","valueRequired":true,"valueName":"search_term_string"}}],"inLanguage":"pl-PL"}]}},"_links":{"self":[{"href":"https:\/\/theartofhomeopathy.com\/pl\/wp-json\/wp\/v2\/pages\/745","targetHints":{"allow":["GET"]}}],"collection":[{"href":"https:\/\/theartofhomeopathy.com\/pl\/wp-json\/wp\/v2\/pages"}],"about":[{"href":"https:\/\/theartofhomeopathy.com\/pl\/wp-json\/wp\/v2\/types\/page"}],"author":[{"embeddable":true,"href":"https:\/\/theartofhomeopathy.com\/pl\/wp-json\/wp\/v2\/users\/3"}],"replies":[{"embeddable":true,"href":"https:\/\/theartofhomeopathy.com\/pl\/wp-json\/wp\/v2\/comments?post=745"}],"version-history":[{"count":27,"href":"https:\/\/theartofhomeopathy.com\/pl\/wp-json\/wp\/v2\/pages\/745\/revisions"}],"predecessor-version":[{"id":3298,"href":"https:\/\/theartofhomeopathy.com\/pl\/wp-json\/wp\/v2\/pages\/745\/revisions\/3298"}],"wp:attachment":[{"href":"https:\/\/theartofhomeopathy.com\/pl\/wp-json\/wp\/v2\/media?parent=745"}],"curies":[{"name":"wp","href":"https:\/\/api.w.org\/{rel}","templated":true}]}}